{"id":137,"date":"2023-08-07T03:53:04","date_gmt":"2023-08-07T03:53:04","guid":{"rendered":"https:\/\/pinkmango.com.br\/?page_id=137"},"modified":"2023-08-28T04:34:19","modified_gmt":"2023-08-28T04:34:19","slug":"137-2","status":"publish","type":"page","link":"https:\/\/pinkmango.com.br\/pt\/137-2\/","title":{"rendered":"Jogos Originais"},"content":{"rendered":"<div class=\"wp-block-group is-vertical is-layout-flex wp-container-core-group-is-layout-bf1e53ba wp-block-group-is-layout-flex\">\n<div class=\"wp-block-media-text alignwide is-stacked-on-mobile\"><figure class=\"wp-block-media-text__media\"><img loading=\"lazy\" decoding=\"async\" width=\"1024\" height=\"576\" src=\"https:\/\/pinkmango.com.br\/wp-content\/uploads\/2023\/08\/mangut-1-1024x576.png\" alt=\"\" class=\"wp-image-135 size-full\" srcset=\"https:\/\/pinkmango.com.br\/wp-content\/uploads\/2023\/08\/mangut-1-1024x576.png 1024w, https:\/\/pinkmango.com.br\/wp-content\/uploads\/2023\/08\/mangut-1-300x169.png 300w, https:\/\/pinkmango.com.br\/wp-content\/uploads\/2023\/08\/mangut-1-768x432.png 768w, https:\/\/pinkmango.com.br\/wp-content\/uploads\/2023\/08\/mangut-1.png 1280w\" sizes=\"auto, (max-width: 1024px) 100vw, 1024px\" \/><\/figure><div class=\"wp-block-media-text__content\">\n<h2 class=\"wp-block-heading has-ast-global-color-1-color has-text-color\">Mang\u00fat <\/h2>\n\n\n\n<p>Mang\u00fat \u00e9 um jogo de plataforma de a\u00e7\u00e3o 2D com n\u00edveis, buscando inspira\u00e7\u00e3o na cultura brasileira, abordando o tema da uberiza\u00e7\u00e3o.<\/p>\n<\/div><\/div>\n\n\n\n<div class=\"wp-block-media-text alignwide has-media-on-the-right is-stacked-on-mobile\"><div class=\"wp-block-media-text__content\">\n<h2 class=\"wp-block-heading has-ast-global-color-1-color has-text-color\">RANGO<\/h2>\n\n\n\n<p>RANGO combina a acessibilidade de um jogo moderno de combina\u00e7\u00e3o de quebra-cabe\u00e7as com o metajogo tem\u00e1tico de culin\u00e1ria.<br>Jogos de combina\u00e7\u00e3o de quebra-cabe\u00e7as pedem mais complexidade na forma como sua narrativa e metajogo s\u00e3o desenvolvidos e apresentados. Entregamos ingredientes, receitas e eletrodom\u00e9sticos de cozinha como recompensa ao jogador e ele toma a decis\u00e3o de como transformar seus bens. Tudo isso atrav\u00e9s de mundos com diferentes tipos de culin\u00e1ria.<\/p>\n\n\n\n<div class=\"wp-block-buttons is-content-justification-center is-layout-flex wp-container-core-buttons-is-layout-a89b3969 wp-block-buttons-is-layout-flex\">\n<div class=\"wp-block-button\"><a class=\"wp-block-button__link has-ast-global-color-8-background-color has-background has-text-align-center wp-element-button\" href=\"https:\/\/play.google.com\/store\/apps\/details?id=com.Octolab.decoBlaster\" target=\"_blank\" rel=\"noreferrer noopener\">Jogue Agora<\/a><\/div>\n<\/div>\n<\/div><figure class=\"wp-block-media-text__media\"><img loading=\"lazy\" decoding=\"async\" width=\"1024\" height=\"733\" src=\"https:\/\/pinkmango.com.br\/wp-content\/uploads\/2023\/08\/rango-1024x733.png\" alt=\"\" class=\"wp-image-133 size-full\" srcset=\"https:\/\/pinkmango.com.br\/wp-content\/uploads\/2023\/08\/rango-1024x733.png 1024w, https:\/\/pinkmango.com.br\/wp-content\/uploads\/2023\/08\/rango-300x215.png 300w, https:\/\/pinkmango.com.br\/wp-content\/uploads\/2023\/08\/rango-768x550.png 768w, https:\/\/pinkmango.com.br\/wp-content\/uploads\/2023\/08\/rango-1536x1100.png 1536w, https:\/\/pinkmango.com.br\/wp-content\/uploads\/2023\/08\/rango.png 2048w\" sizes=\"auto, (max-width: 1024px) 100vw, 1024px\" \/><\/figure><\/div>\n<\/div>","protected":false},"excerpt":{"rendered":"<p>Mang\u00fat Mang\u00fat is a 2D action platformer game with levels, drawing inspiration from Brazilian culture, addressing the topic of uberization. RANGO RANGO combines the accessibility of a modern puzzle match game with the cooking-themed craft metagame.Puzzle match games call for more complexity in how their narrative and metagame are developed and presented. We deliver ingredients, &hellip;<\/p>\n<p class=\"read-more\"> <a class=\"\" href=\"https:\/\/pinkmango.com.br\/pt\/137-2\/\"> <span class=\"screen-reader-text\">Jogos Originais<\/span> Leia mais &raquo;<\/a><\/p>","protected":false},"author":1,"featured_media":0,"parent":0,"menu_order":0,"comment_status":"closed","ping_status":"closed","template":"","meta":{"site-sidebar-layout":"default","site-content-layout":"default","ast-global-header-display":"","ast-banner-title-visibility":"","ast-main-header-display":"","ast-hfb-above-header-display":"","ast-hfb-below-header-display":"","ast-hfb-mobile-header-display":"","site-post-title":"","ast-breadcrumbs-content":"","ast-featured-img":"","footer-sml-layout":"","theme-transparent-header-meta":"","adv-header-id-meta":"","stick-header-meta":"","header-above-stick-meta":"","header-main-stick-meta":"","header-below-stick-meta":"","footnotes":""},"class_list":["post-137","page","type-page","status-publish","hentry"],"_links":{"self":[{"href":"https:\/\/pinkmango.com.br\/pt\/wp-json\/wp\/v2\/pages\/137","targetHints":{"allow":["GET"]}}],"collection":[{"href":"https:\/\/pinkmango.com.br\/pt\/wp-json\/wp\/v2\/pages"}],"about":[{"href":"https:\/\/pinkmango.com.br\/pt\/wp-json\/wp\/v2\/types\/page"}],"author":[{"embeddable":true,"href":"https:\/\/pinkmango.com.br\/pt\/wp-json\/wp\/v2\/users\/1"}],"replies":[{"embeddable":true,"href":"https:\/\/pinkmango.com.br\/pt\/wp-json\/wp\/v2\/comments?post=137"}],"version-history":[{"count":9,"href":"https:\/\/pinkmango.com.br\/pt\/wp-json\/wp\/v2\/pages\/137\/revisions"}],"predecessor-version":[{"id":282,"href":"https:\/\/pinkmango.com.br\/pt\/wp-json\/wp\/v2\/pages\/137\/revisions\/282"}],"wp:attachment":[{"href":"https:\/\/pinkmango.com.br\/pt\/wp-json\/wp\/v2\/media?parent=137"}],"curies":[{"name":"wp","href":"https:\/\/api.w.org\/{rel}","templated":true}]}}