{"id":141,"date":"2023-08-07T03:53:40","date_gmt":"2023-08-07T03:53:40","guid":{"rendered":"https:\/\/pinkmango.com.br\/?page_id=141"},"modified":"2024-03-11T21:26:58","modified_gmt":"2024-03-11T21:26:58","slug":"outsourced-games","status":"publish","type":"page","link":"https:\/\/pinkmango.com.br\/pt\/outsourced-games\/","title":{"rendered":"Projetos Terceirizados"},"content":{"rendered":"<div class=\"wp-block-group is-vertical is-layout-flex wp-container-core-group-is-layout-ce4b3a9b wp-block-group-is-layout-flex\" style=\"padding-top:0;padding-right:0;padding-bottom:0;padding-left:0\">\n<div class=\"wp-block-columns is-layout-flex wp-container-core-columns-is-layout-28f84493 wp-block-columns-is-layout-flex\">\n<div class=\"wp-block-column is-layout-flow wp-block-column-is-layout-flow\">\n<figure class=\"wp-block-gallery has-nested-images columns-3 is-cropped wp-block-gallery-1 is-layout-flex wp-block-gallery-is-layout-flex\">\n<figure class=\"wp-block-image size-large\"><a href=\"https:\/\/pinkmango.com.br\/wp-content\/uploads\/2023\/08\/Rabiola2.jpg\" target=\"_blank\" rel=\"noopener\"><img loading=\"lazy\" decoding=\"async\" width=\"1024\" height=\"576\" data-id=\"209\" src=\"https:\/\/pinkmango.com.br\/wp-content\/uploads\/2023\/08\/Rabiola2-1024x576.jpg\" alt=\"\" class=\"wp-image-209\" srcset=\"https:\/\/pinkmango.com.br\/wp-content\/uploads\/2023\/08\/Rabiola2-1024x576.jpg 1024w, https:\/\/pinkmango.com.br\/wp-content\/uploads\/2023\/08\/Rabiola2-300x169.jpg 300w, https:\/\/pinkmango.com.br\/wp-content\/uploads\/2023\/08\/Rabiola2-768x432.jpg 768w, https:\/\/pinkmango.com.br\/wp-content\/uploads\/2023\/08\/Rabiola2-1536x864.jpg 1536w, https:\/\/pinkmango.com.br\/wp-content\/uploads\/2023\/08\/Rabiola2-18x10.jpg 18w, https:\/\/pinkmango.com.br\/wp-content\/uploads\/2023\/08\/Rabiola2.jpg 1920w\" sizes=\"auto, (max-width: 1024px) 100vw, 1024px\" \/><\/a><\/figure>\n\n\n\n<figure class=\"wp-block-image size-large\"><a href=\"https:\/\/pinkmango.com.br\/wp-content\/uploads\/2023\/08\/Rabiola3.jpg\" target=\"_blank\" rel=\"noopener\"><img loading=\"lazy\" decoding=\"async\" width=\"1024\" height=\"576\" data-id=\"208\" src=\"https:\/\/pinkmango.com.br\/wp-content\/uploads\/2023\/08\/Rabiola3-1024x576.jpg\" alt=\"\" class=\"wp-image-208\" srcset=\"https:\/\/pinkmango.com.br\/wp-content\/uploads\/2023\/08\/Rabiola3-1024x576.jpg 1024w, https:\/\/pinkmango.com.br\/wp-content\/uploads\/2023\/08\/Rabiola3-300x169.jpg 300w, https:\/\/pinkmango.com.br\/wp-content\/uploads\/2023\/08\/Rabiola3-768x432.jpg 768w, https:\/\/pinkmango.com.br\/wp-content\/uploads\/2023\/08\/Rabiola3-1536x864.jpg 1536w, https:\/\/pinkmango.com.br\/wp-content\/uploads\/2023\/08\/Rabiola3-18x10.jpg 18w, https:\/\/pinkmango.com.br\/wp-content\/uploads\/2023\/08\/Rabiola3.jpg 2048w\" sizes=\"auto, (max-width: 1024px) 100vw, 1024px\" \/><\/a><\/figure>\n\n\n\n<figure class=\"wp-block-image size-large\"><a href=\"https:\/\/pinkmango.com.br\/wp-content\/uploads\/2023\/08\/Rabiola.jpg\" target=\"_blank\" rel=\"noopener\"><img loading=\"lazy\" decoding=\"async\" width=\"724\" height=\"1024\" data-id=\"205\" src=\"https:\/\/pinkmango.com.br\/wp-content\/uploads\/2023\/08\/Rabiola-724x1024.jpg\" alt=\"\" class=\"wp-image-205\" srcset=\"https:\/\/pinkmango.com.br\/wp-content\/uploads\/2023\/08\/Rabiola-724x1024.jpg 724w, https:\/\/pinkmango.com.br\/wp-content\/uploads\/2023\/08\/Rabiola-212x300.jpg 212w, https:\/\/pinkmango.com.br\/wp-content\/uploads\/2023\/08\/Rabiola-768x1086.jpg 768w, https:\/\/pinkmango.com.br\/wp-content\/uploads\/2023\/08\/Rabiola-1086x1536.jpg 1086w, https:\/\/pinkmango.com.br\/wp-content\/uploads\/2023\/08\/Rabiola-8x12.jpg 8w, https:\/\/pinkmango.com.br\/wp-content\/uploads\/2023\/08\/Rabiola.jpg 1448w\" sizes=\"auto, (max-width: 724px) 100vw, 724px\" \/><\/a><\/figure>\n\n\n\n<figure class=\"wp-block-image size-large\"><a href=\"https:\/\/pinkmango.com.br\/wp-content\/uploads\/2023\/08\/Rabiola5.jpg\" target=\"_blank\" rel=\"noopener\"><img loading=\"lazy\" decoding=\"async\" width=\"1024\" height=\"576\" data-id=\"204\" src=\"https:\/\/pinkmango.com.br\/wp-content\/uploads\/2023\/08\/Rabiola5-1024x576.jpg\" alt=\"\" class=\"wp-image-204\" srcset=\"https:\/\/pinkmango.com.br\/wp-content\/uploads\/2023\/08\/Rabiola5-1024x576.jpg 1024w, https:\/\/pinkmango.com.br\/wp-content\/uploads\/2023\/08\/Rabiola5-300x169.jpg 300w, https:\/\/pinkmango.com.br\/wp-content\/uploads\/2023\/08\/Rabiola5-768x432.jpg 768w, https:\/\/pinkmango.com.br\/wp-content\/uploads\/2023\/08\/Rabiola5-1536x864.jpg 1536w, https:\/\/pinkmango.com.br\/wp-content\/uploads\/2023\/08\/Rabiola5-18x10.jpg 18w, https:\/\/pinkmango.com.br\/wp-content\/uploads\/2023\/08\/Rabiola5.jpg 2048w\" sizes=\"auto, (max-width: 1024px) 100vw, 1024px\" \/><\/a><\/figure>\n\n\n\n<figure class=\"wp-block-image size-large\"><a href=\"https:\/\/pinkmango.com.br\/wp-content\/uploads\/2023\/08\/Rabiola4.jpg\" target=\"_blank\" rel=\"noopener\"><img loading=\"lazy\" decoding=\"async\" width=\"1024\" height=\"576\" data-id=\"202\" src=\"https:\/\/pinkmango.com.br\/wp-content\/uploads\/2023\/08\/Rabiola4-1024x576.jpg\" alt=\"\" class=\"wp-image-202\" srcset=\"https:\/\/pinkmango.com.br\/wp-content\/uploads\/2023\/08\/Rabiola4-1024x576.jpg 1024w, https:\/\/pinkmango.com.br\/wp-content\/uploads\/2023\/08\/Rabiola4-300x169.jpg 300w, https:\/\/pinkmango.com.br\/wp-content\/uploads\/2023\/08\/Rabiola4-768x432.jpg 768w, https:\/\/pinkmango.com.br\/wp-content\/uploads\/2023\/08\/Rabiola4-1536x864.jpg 1536w, https:\/\/pinkmango.com.br\/wp-content\/uploads\/2023\/08\/Rabiola4-18x10.jpg 18w, https:\/\/pinkmango.com.br\/wp-content\/uploads\/2023\/08\/Rabiola4.jpg 1920w\" sizes=\"auto, (max-width: 1024px) 100vw, 1024px\" \/><\/a><\/figure>\n<\/figure>\n<\/div>\n\n\n\n<div class=\"wp-block-column is-layout-flow wp-block-column-is-layout-flow\">\n<h2 class=\"wp-block-heading has-ast-global-color-2-color has-text-color\">Rabiola Tales<\/h2>\n\n\n\n<p>Uma narrativa envolvente de Realidade Virtual (VR) que convida os usu\u00e1rios a soltar pipa em uma favela do Rio de Janeiro. A experi\u00eancia imersiva come\u00e7a com um personagem compartilhando um vislumbre de sua hist\u00f3ria pessoal, relembrando seu fasc\u00ednio inicial por soltar pipa. Somos ent\u00e3o transportados para o telhado de um pr\u00e9dio em uma favela. Totalmente imersos no ambiente atrav\u00e9s dos \u00f3culos de VR, somos incentivados a manusear os controles e fazer nossas pipas voarem em um c\u00e9u v\u00edvido no final da tarde.<\/p>\n<\/div>\n<\/div>\n\n\n\n<div class=\"wp-block-columns is-layout-flex wp-container-core-columns-is-layout-28f84493 wp-block-columns-is-layout-flex\">\n<div class=\"wp-block-column is-layout-flow wp-block-column-is-layout-flow\">\n<h2 class=\"wp-block-heading has-ast-global-color-2-color has-text-color\">C\u00e9u Aberto<\/h2>\n\n\n\n<p>Uma experi\u00eancia interativa multijogador inspirada nas tardes de ver\u00e3o do Rio de Janeiro, quando o c\u00e9u se transforma em um ponto de encontro colorido repleto de pipas. Esta experi\u00eancia, que pode ser jogada por v\u00e1rias pessoas, envolve uma proje\u00e7\u00e3o mapeada de um c\u00e9u com o qual o p\u00fablico pode interagir atrav\u00e9s de um aplicativo m\u00f3vel.<\/p>\n<\/div>\n\n\n\n<div class=\"wp-block-column is-layout-flow wp-block-column-is-layout-flow\">\n<figure class=\"wp-block-gallery has-nested-images columns-2 wp-block-gallery-2 is-layout-flex wp-block-gallery-is-layout-flex\">\n<figure class=\"wp-block-image size-large\"><a href=\"https:\/\/pinkmango.com.br\/wp-content\/uploads\/2023\/08\/about-dec.png\" target=\"_blank\" rel=\"noopener\"><img loading=\"lazy\" decoding=\"async\" width=\"518\" height=\"533\" data-id=\"215\" src=\"https:\/\/pinkmango.com.br\/wp-content\/uploads\/2023\/08\/about-dec.png\" alt=\"\" class=\"wp-image-215\" srcset=\"https:\/\/pinkmango.com.br\/wp-content\/uploads\/2023\/08\/about-dec.png 518w, https:\/\/pinkmango.com.br\/wp-content\/uploads\/2023\/08\/about-dec-292x300.png 292w, https:\/\/pinkmango.com.br\/wp-content\/uploads\/2023\/08\/about-dec-12x12.png 12w\" sizes=\"auto, (max-width: 518px) 100vw, 518px\" \/><\/a><\/figure>\n\n\n\n<figure class=\"wp-block-image size-large\"><a href=\"https:\/\/pinkmango.com.br\/wp-content\/uploads\/2023\/08\/slider-dec.png\" target=\"_blank\" rel=\"noopener\"><img loading=\"lazy\" decoding=\"async\" width=\"650\" height=\"508\" data-id=\"216\" src=\"https:\/\/pinkmango.com.br\/wp-content\/uploads\/2023\/08\/slider-dec.png\" alt=\"\" class=\"wp-image-216\" srcset=\"https:\/\/pinkmango.com.br\/wp-content\/uploads\/2023\/08\/slider-dec.png 650w, https:\/\/pinkmango.com.br\/wp-content\/uploads\/2023\/08\/slider-dec-300x234.png 300w, https:\/\/pinkmango.com.br\/wp-content\/uploads\/2023\/08\/slider-dec-15x12.png 15w\" sizes=\"auto, (max-width: 650px) 100vw, 650px\" \/><\/a><\/figure>\n<\/figure>\n<\/div>\n<\/div>\n\n\n\n<div class=\"wp-block-columns is-layout-flex wp-container-core-columns-is-layout-28f84493 wp-block-columns-is-layout-flex\">\n<div class=\"wp-block-column is-layout-flow wp-block-column-is-layout-flow\">\n<figure class=\"wp-block-gallery has-nested-images columns-3 is-cropped wp-block-gallery-3 is-layout-flex wp-block-gallery-is-layout-flex\">\n<figure class=\"wp-block-image size-large\"><a href=\"https:\/\/pinkmango.com.br\/wp-content\/uploads\/2023\/08\/Margens.png\" target=\"_blank\" rel=\"noopener\"><img loading=\"lazy\" decoding=\"async\" width=\"1078\" height=\"1357\" data-id=\"207\" src=\"https:\/\/pinkmango.com.br\/wp-content\/uploads\/2023\/08\/Margens.png\" alt=\"\" class=\"wp-image-207\"\/><\/a><\/figure>\n\n\n\n<figure class=\"wp-block-image size-large\"><a href=\"https:\/\/pinkmango.com.br\/wp-content\/uploads\/2023\/08\/Margens2.png\" target=\"_blank\" rel=\"noopener\"><img loading=\"lazy\" decoding=\"async\" width=\"817\" height=\"1024\" data-id=\"203\" src=\"https:\/\/pinkmango.com.br\/wp-content\/uploads\/2023\/08\/Margens2-817x1024.png\" alt=\"\" class=\"wp-image-203\" srcset=\"https:\/\/pinkmango.com.br\/wp-content\/uploads\/2023\/08\/Margens2-817x1024.png 817w, https:\/\/pinkmango.com.br\/wp-content\/uploads\/2023\/08\/Margens2-239x300.png 239w, https:\/\/pinkmango.com.br\/wp-content\/uploads\/2023\/08\/Margens2-768x962.png 768w, https:\/\/pinkmango.com.br\/wp-content\/uploads\/2023\/08\/Margens2-10x12.png 10w, https:\/\/pinkmango.com.br\/wp-content\/uploads\/2023\/08\/Margens2.png 1090w\" sizes=\"auto, (max-width: 817px) 100vw, 817px\" \/><\/a><\/figure>\n<\/figure>\n<\/div>\n\n\n\n<div class=\"wp-block-column is-layout-flow wp-block-column-is-layout-flow\">\n<h2 class=\"wp-block-heading has-ast-global-color-2-color has-text-color\">\u00c0s margens do Ipiranga<\/h2>\n\n\n\n<p>Uma experi\u00eancia de Realidade Virtual que transporta os usu\u00e1rios para uma reinterpreta\u00e7\u00e3o da famosa pintura \"Independ\u00eancia ou Morte\", encomendada pela Fam\u00edlia Real a Pedro Am\u00e9rico em 1888. O objetivo \u00e9 criar uma cena de 360 graus inspirada na obra de arte, abrangendo v\u00e1rias formas de independ\u00eancia e emancipa\u00e7\u00e3o do povo brasileiro por meio de intelig\u00eancia artificial, ilustra\u00e7\u00f5es, \u00e1udio, elementos interativos e \"memes\". A inten\u00e7\u00e3o tamb\u00e9m \u00e9 prestar homenagem \u00e0queles que talvez n\u00e3o tenham sido parte deste momento hist\u00f3rico, mas foram fundamentais na forma\u00e7\u00e3o do Brasil.<\/p>\n<\/div>\n<\/div>\n<\/div>","protected":false},"excerpt":{"rendered":"<p>Rabiola Tales An engaging Virtual Reality(VR) narrativethat invites users to fly kites in a Rio de Janeiro favela. The immersive experience begins with a character sharing a glimpse of their personal story, recounting their initial fascination with kite flying. We are then transported to the rooftop of a building in a favela. Fully immersed in &hellip;<\/p>\n<p class=\"read-more\"> <a class=\"\" href=\"https:\/\/pinkmango.com.br\/pt\/outsourced-games\/\"> <span class=\"screen-reader-text\">Projetos Terceirizados<\/span> Leia mais &raquo;<\/a><\/p>","protected":false},"author":1,"featured_media":0,"parent":0,"menu_order":0,"comment_status":"closed","ping_status":"closed","template":"","meta":{"site-sidebar-layout":"default","site-content-layout":"default","ast-global-header-display":"","ast-banner-title-visibility":"","ast-main-header-display":"","ast-hfb-above-header-display":"","ast-hfb-below-header-display":"","ast-hfb-mobile-header-display":"","site-post-title":"","ast-breadcrumbs-content":"","ast-featured-img":"","footer-sml-layout":"","theme-transparent-header-meta":"","adv-header-id-meta":"","stick-header-meta":"","header-above-stick-meta":"","header-main-stick-meta":"","header-below-stick-meta":"","footnotes":""},"class_list":["post-141","page","type-page","status-publish","hentry"],"_links":{"self":[{"href":"https:\/\/pinkmango.com.br\/pt\/wp-json\/wp\/v2\/pages\/141","targetHints":{"allow":["GET"]}}],"collection":[{"href":"https:\/\/pinkmango.com.br\/pt\/wp-json\/wp\/v2\/pages"}],"about":[{"href":"https:\/\/pinkmango.com.br\/pt\/wp-json\/wp\/v2\/types\/page"}],"author":[{"embeddable":true,"href":"https:\/\/pinkmango.com.br\/pt\/wp-json\/wp\/v2\/users\/1"}],"replies":[{"embeddable":true,"href":"https:\/\/pinkmango.com.br\/pt\/wp-json\/wp\/v2\/comments?post=141"}],"version-history":[{"count":19,"href":"https:\/\/pinkmango.com.br\/pt\/wp-json\/wp\/v2\/pages\/141\/revisions"}],"predecessor-version":[{"id":289,"href":"https:\/\/pinkmango.com.br\/pt\/wp-json\/wp\/v2\/pages\/141\/revisions\/289"}],"wp:attachment":[{"href":"https:\/\/pinkmango.com.br\/pt\/wp-json\/wp\/v2\/media?parent=141"}],"curies":[{"name":"wp","href":"https:\/\/api.w.org\/{rel}","templated":true}]}}